{"id":152,"date":"2023-10-03T16:47:06","date_gmt":"2023-10-03T16:47:06","guid":{"rendered":"https:\/\/www.la-chaumiere-normande.fr\/?page_id=152"},"modified":"2024-03-05T17:50:32","modified_gmt":"2024-03-05T17:50:32","slug":"activites","status":"publish","type":"page","link":"https:\/\/www.la-chaumiere-normande.fr\/fr\/activites","title":{"rendered":"Services disponibles"},"content":{"rendered":"<div class=\"cl-layout-container align\" style=\"--cl-layout-padding:0px;--cl-layout-margin:5px;\"><div  class=\"cl-layout cl-layout--grid  cl-layout--col-l-4 cl-layout--col-m-4 cl-layout--col-s-2 cl-layout--col-xs-1\"  style=\"--cl-layout-gap-c: 10px;--cl-layout-gap-r: 10px;\n\t\t\" ><div  class=\"cl-layout__item cl-layout__item--id-717\" ><div  class=\"cl-template cl-template--post cl-template--id-208 cl-template--image-top\" ><div class=\"cl-element cl-element-featured_media cl-element--instance-1004  cl-element-featured_media--sizing-natural\"><a class=\"cl-element-featured_media__anchor\" href=\"https:\/\/www.la-chaumiere-normande.fr\/fr\/archives\/717\"><img decoding=\"async\"  class=\"cl-element-featured_media__image\"  src=\"https:\/\/www.la-chaumiere-normande.fr\/wp-content\/uploads\/2024\/03\/parking.jpg\"  \/><\/a><\/div><div class=\"cl-element cl-element-section cl-element--instance-1005 \"><h3 class=\"cl-element cl-element-title cl-element--instance-1001 \"><a class=\"cl-element-title__anchor\" href=\"https:\/\/www.la-chaumiere-normande.fr\/fr\/archives\/717\">Parking gratuit<\/a><\/h3><div class=\"cl-element cl-element-excerpt cl-element--instance-1002 \">Parking ext\u00e9rieur gratuit dans la propri\u00e9t\u00e9 et ferm\u00e9 la nuit.<\/div><div class=\"cl-element cl-element-link cl-element--instance-1003 \"><a class=\"cl-element-link__anchor\" href=\"https:\/\/www.la-chaumiere-normande.fr\/fr\/archives\/717\">Plus d&#039;informations<\/a><\/div><\/div><\/div><\/div><div  class=\"cl-layout__item cl-layout__item--id-711\" ><div  class=\"cl-template cl-template--post cl-template--id-208 cl-template--image-top\" ><div class=\"cl-element cl-element-featured_media cl-element--instance-1004  cl-element-featured_media--sizing-natural\"><a class=\"cl-element-featured_media__anchor\" href=\"https:\/\/www.la-chaumiere-normande.fr\/fr\/archives\/711\"><img decoding=\"async\"  class=\"cl-element-featured_media__image\"  src=\"https:\/\/www.la-chaumiere-normande.fr\/wp-content\/uploads\/2024\/03\/linen.jpg\"  \/><\/a><\/div><div class=\"cl-element cl-element-section cl-element--instance-1005 \"><h3 class=\"cl-element cl-element-title cl-element--instance-1001 \"><a class=\"cl-element-title__anchor\" href=\"https:\/\/www.la-chaumiere-normande.fr\/fr\/archives\/711\">Draps et essuies<\/a><\/h3><div class=\"cl-element cl-element-excerpt cl-element--instance-1002 \">Les draps, essuie de bain et piscine sont fournis et inclus dans votre location. Pour \u2026 <p class=\"link-more\"><a href=\"https:\/\/www.la-chaumiere-normande.fr\/fr\/archives\/711\" class=\"more-link\"><span class=\"screen-reader-text\"> prova &#8220;Draps et essuies&#8221;<\/span><\/a><\/p><\/div><div class=\"cl-element cl-element-link cl-element--instance-1003 \"><a class=\"cl-element-link__anchor\" href=\"https:\/\/www.la-chaumiere-normande.fr\/fr\/archives\/711\">Plus d&#039;informations<\/a><\/div><\/div><\/div><\/div><div  class=\"cl-layout__item cl-layout__item--id-704\" ><div  class=\"cl-template cl-template--post cl-template--id-208 cl-template--image-top\" ><div class=\"cl-element cl-element-featured_media cl-element--instance-1004  cl-element-featured_media--sizing-natural\"><a class=\"cl-element-featured_media__anchor\" href=\"https:\/\/www.la-chaumiere-normande.fr\/fr\/archives\/704\"><img decoding=\"async\"  class=\"cl-element-featured_media__image\"  src=\"https:\/\/www.la-chaumiere-normande.fr\/wp-content\/uploads\/2024\/03\/breakfast300.jpg\"  \/><\/a><\/div><div class=\"cl-element cl-element-section cl-element--instance-1005 \"><h3 class=\"cl-element cl-element-title cl-element--instance-1001 \"><a class=\"cl-element-title__anchor\" href=\"https:\/\/www.la-chaumiere-normande.fr\/fr\/archives\/704\">Petit d\u00e9jeuner<\/a><\/h3><div class=\"cl-element cl-element-excerpt cl-element--instance-1002 \">Buffet petit d\u00e9jeuner continental (UK sur demande). Les produits du terroir et locaux sont privil\u00e9gi\u00e9s. \u2026 <p class=\"link-more\"><a href=\"https:\/\/www.la-chaumiere-normande.fr\/fr\/archives\/704\" class=\"more-link\"><span class=\"screen-reader-text\"> prova &#8220;Petit d\u00e9jeuner&#8221;<\/span><\/a><\/p><\/div><div class=\"cl-element cl-element-link cl-element--instance-1003 \"><a class=\"cl-element-link__anchor\" href=\"https:\/\/www.la-chaumiere-normande.fr\/fr\/archives\/704\">Plus d&#039;informations<\/a><\/div><\/div><\/div><\/div><div  class=\"cl-layout__item cl-layout__item--id-253\" ><div  class=\"cl-template cl-template--post cl-template--id-208 cl-template--image-top\" ><div class=\"cl-element cl-element-featured_media cl-element--instance-1004  cl-element-featured_media--sizing-natural\"><a class=\"cl-element-featured_media__anchor\" href=\"https:\/\/www.la-chaumiere-normande.fr\/fr\/archives\/253\"><img decoding=\"async\"  class=\"cl-element-featured_media__image\"  src=\"https:\/\/www.la-chaumiere-normande.fr\/wp-content\/uploads\/2023\/10\/borne-300x300.jpg\"  \/><\/a><\/div><div class=\"cl-element cl-element-section cl-element--instance-1005 \"><h3 class=\"cl-element cl-element-title cl-element--instance-1001 \"><a class=\"cl-element-title__anchor\" href=\"https:\/\/www.la-chaumiere-normande.fr\/fr\/archives\/253\">Recharge v\u00e9hicule \u00e9lectrique<\/a><\/h3><div class=\"cl-element cl-element-excerpt cl-element--instance-1002 \">Une borne est \u00e0 votre disposition pour recharger votre v\u00e9hicule. Tarifs selon les prix du \u2026 <p class=\"link-more\"><a href=\"https:\/\/www.la-chaumiere-normande.fr\/fr\/archives\/253\" class=\"more-link\"><span class=\"screen-reader-text\"> prova &#8220;Recharge v\u00e9hicule \u00e9lectrique&#8221;<\/span><\/a><\/p><\/div><div class=\"cl-element cl-element-link cl-element--instance-1003 \"><a class=\"cl-element-link__anchor\" href=\"https:\/\/www.la-chaumiere-normande.fr\/fr\/archives\/253\">Plus d&#039;informations<\/a><\/div><\/div><\/div><\/div><div  class=\"cl-layout__item cl-layout__item--id-217\" ><div  class=\"cl-template cl-template--post cl-template--id-208 cl-template--image-top\" ><div class=\"cl-element cl-element-featured_media cl-element--instance-1004  cl-element-featured_media--sizing-natural\"><a class=\"cl-element-featured_media__anchor\" href=\"https:\/\/www.la-chaumiere-normande.fr\/fr\/archives\/217\"><img decoding=\"async\"  class=\"cl-element-featured_media__image\"  src=\"https:\/\/www.la-chaumiere-normande.fr\/wp-content\/uploads\/2023\/10\/shuttle-300x300.png\"  \/><\/a><\/div><div class=\"cl-element cl-element-section cl-element--instance-1005 \"><h3 class=\"cl-element cl-element-title cl-element--instance-1001 \"><a class=\"cl-element-title__anchor\" href=\"https:\/\/www.la-chaumiere-normande.fr\/fr\/archives\/217\">Navette gare Br\u00e9aut\u00e9<\/a><\/h3><div class=\"cl-element cl-element-excerpt cl-element--instance-1002 \">Contactez \u00e0 nous quelques jours avant votre arriv\u00e9e pour vous assurer de notre disponibilit\u00e9 et \u2026 <p class=\"link-more\"><a href=\"https:\/\/www.la-chaumiere-normande.fr\/fr\/archives\/217\" class=\"more-link\"><span class=\"screen-reader-text\"> prova &#8220;Navette gare Br\u00e9aut\u00e9&#8221;<\/span><\/a><\/p><\/div><div class=\"cl-element cl-element-link cl-element--instance-1003 \"><a class=\"cl-element-link__anchor\" href=\"https:\/\/www.la-chaumiere-normande.fr\/fr\/archives\/217\">Plus d&#039;informations<\/a><\/div><\/div><\/div><\/div><div  class=\"cl-layout__item cl-layout__item--id-211\" ><div  class=\"cl-template cl-template--post cl-template--id-208 cl-template--image-top\" ><div class=\"cl-element cl-element-featured_media cl-element--instance-1004  cl-element-featured_media--sizing-natural\"><a class=\"cl-element-featured_media__anchor\" href=\"https:\/\/www.la-chaumiere-normande.fr\/fr\/archives\/211\"><img decoding=\"async\"  class=\"cl-element-featured_media__image\"  src=\"https:\/\/www.la-chaumiere-normande.fr\/wp-content\/uploads\/2023\/10\/piscine300.jpg\"  \/><\/a><\/div><div class=\"cl-element cl-element-section cl-element--instance-1005 \"><h3 class=\"cl-element cl-element-title cl-element--instance-1001 \"><a class=\"cl-element-title__anchor\" href=\"https:\/\/www.la-chaumiere-normande.fr\/fr\/archives\/211\">Piscine<\/a><\/h3><div class=\"cl-element cl-element-excerpt cl-element--instance-1002 \">Gratuite. Accessible \u00e0 tous les h\u00f4tes entre 9h et 19h \u00e0 partir de fin avril\/d\u00e9but \u2026 <p class=\"link-more\"><a href=\"https:\/\/www.la-chaumiere-normande.fr\/fr\/archives\/211\" class=\"more-link\"><span class=\"screen-reader-text\"> prova &#8220;Piscine&#8221;<\/span><\/a><\/p><\/div><div class=\"cl-element cl-element-link cl-element--instance-1003 \"><a class=\"cl-element-link__anchor\" href=\"https:\/\/www.la-chaumiere-normande.fr\/fr\/archives\/211\">Plus d&#039;informations<\/a><\/div><\/div><\/div><\/div><div  class=\"cl-layout__item cl-layout__item--id-197\" ><div  class=\"cl-template cl-template--post cl-template--id-208 cl-template--image-top\" ><div class=\"cl-element cl-element-featured_media cl-element--instance-1004  cl-element-featured_media--sizing-natural\"><a class=\"cl-element-featured_media__anchor\" href=\"https:\/\/www.la-chaumiere-normande.fr\/fr\/archives\/197\"><img decoding=\"async\"  class=\"cl-element-featured_media__image\"  src=\"https:\/\/www.la-chaumiere-normande.fr\/wp-content\/uploads\/2023\/10\/elecbike-300x300.jpg\"  \/><\/a><\/div><div class=\"cl-element cl-element-section cl-element--instance-1005 \"><h3 class=\"cl-element cl-element-title cl-element--instance-1001 \"><a class=\"cl-element-title__anchor\" href=\"https:\/\/www.la-chaumiere-normande.fr\/fr\/archives\/197\">Location v\u00e9lo \u00e9lectrique<\/a><\/h3><div class=\"cl-element cl-element-excerpt cl-element--instance-1002 \">15\u20ac par demi-journ\u00e9e et 25\u20ac la journ\u00e9e compl\u00e8te. Veuillez nous contacter avant votre date d\u2019arriv\u00e9e \u2026 <p class=\"link-more\"><a href=\"https:\/\/www.la-chaumiere-normande.fr\/fr\/archives\/197\" class=\"more-link\"><span class=\"screen-reader-text\"> prova &#8220;Location v\u00e9lo \u00e9lectrique&#8221;<\/span><\/a><\/p><\/div><div class=\"cl-element cl-element-link cl-element--instance-1003 \"><a class=\"cl-element-link__anchor\" href=\"https:\/\/www.la-chaumiere-normande.fr\/fr\/archives\/197\">Plus d&#039;informations<\/a><\/div><\/div><\/div><\/div><\/div><\/div>\n\n\n<div class=\"wp-block-buttons is-content-justification-center is-layout-flex wp-container-core-buttons-is-layout-16018d1d wp-block-buttons-is-layout-flex\">\n<div class=\"wp-block-button\"><a class=\"wp-block-button__link wp-element-button\" href=\"https:\/\/www.la-chaumiere-normande.fr\/?page_id=136\">Voir les chambres<\/a><\/div>\n<\/div>\n","protected":false},"excerpt":{"rendered":"","protected":false},"author":1,"featured_media":246,"parent":0,"menu_order":0,"comment_status":"closed","ping_status":"closed","template":"","meta":{"footnotes":""},"class_list":["post-152","page","type-page","status-publish","has-post-thumbnail","hentry"],"yoast_head":"<!-- This site is optimized with the Yoast SEO plugin v22.5 - https:\/\/yoast.com\/wordpress\/plugins\/seo\/ -->\n<title>Services disponibles - La Chaumiere Normande<\/title>\n<meta name=\"robots\" content=\"index, follow, max-snippet:-1, max-image-preview:large, max-video-preview:-1\" \/>\n<link rel=\"canonical\" href=\"https:\/\/www.la-chaumiere-normande.fr\/fr\/activites\/\" \/>\n<meta property=\"og:locale\" content=\"fr_FR\" \/>\n<meta property=\"og:type\" content=\"article\" \/>\n<meta property=\"og:title\" content=\"Services disponibles - La Chaumiere Normande\" \/>\n<meta property=\"og:url\" content=\"https:\/\/www.la-chaumiere-normande.fr\/fr\/activites\/\" \/>\n<meta property=\"og:site_name\" content=\"La Chaumiere Normande\" \/>\n<meta property=\"article:modified_time\" content=\"2024-03-05T17:50:32+00:00\" \/>\n<meta property=\"og:image\" content=\"https:\/\/www.la-chaumiere-normande.fr\/wp-content\/uploads\/2023\/10\/normandie_1_landscape-scaled.jpg\" \/>\n\t<meta property=\"og:image:width\" content=\"2560\" \/>\n\t<meta property=\"og:image:height\" content=\"841\" \/>\n\t<meta property=\"og:image:type\" content=\"image\/jpeg\" \/>\n<meta name=\"twitter:card\" content=\"summary_large_image\" \/>\n<script type=\"application\/ld+json\" class=\"yoast-schema-graph\">{\"@context\":\"https:\/\/schema.org\",\"@graph\":[{\"@type\":\"WebPage\",\"@id\":\"https:\/\/www.la-chaumiere-normande.fr\/activites\",\"url\":\"https:\/\/www.la-chaumiere-normande.fr\/activites\",\"name\":\"Services disponibles - La Chaumiere Normande\",\"isPartOf\":{\"@id\":\"https:\/\/www.la-chaumiere-normande.fr\/fr\/#website\"},\"primaryImageOfPage\":{\"@id\":\"https:\/\/www.la-chaumiere-normande.fr\/activites#primaryimage\"},\"image\":{\"@id\":\"https:\/\/www.la-chaumiere-normande.fr\/activites#primaryimage\"},\"thumbnailUrl\":\"https:\/\/www.la-chaumiere-normande.fr\/wp-content\/uploads\/2023\/10\/normandie_1_landscape-scaled.jpg\",\"datePublished\":\"2023-10-03T16:47:06+00:00\",\"dateModified\":\"2024-03-05T17:50:32+00:00\",\"breadcrumb\":{\"@id\":\"https:\/\/www.la-chaumiere-normande.fr\/activites#breadcrumb\"},\"inLanguage\":\"fr-FR\",\"potentialAction\":[{\"@type\":\"ReadAction\",\"target\":[\"https:\/\/www.la-chaumiere-normande.fr\/activites\"]}]},{\"@type\":\"ImageObject\",\"inLanguage\":\"fr-FR\",\"@id\":\"https:\/\/www.la-chaumiere-normande.fr\/activites#primaryimage\",\"url\":\"https:\/\/www.la-chaumiere-normande.fr\/wp-content\/uploads\/2023\/10\/normandie_1_landscape-scaled.jpg\",\"contentUrl\":\"https:\/\/www.la-chaumiere-normande.fr\/wp-content\/uploads\/2023\/10\/normandie_1_landscape-scaled.jpg\",\"width\":2560,\"height\":841},{\"@type\":\"BreadcrumbList\",\"@id\":\"https:\/\/www.la-chaumiere-normande.fr\/activites#breadcrumb\",\"itemListElement\":[{\"@type\":\"ListItem\",\"position\":1,\"name\":\"Home\",\"item\":\"https:\/\/www.la-chaumiere-normande.fr\/\"},{\"@type\":\"ListItem\",\"position\":2,\"name\":\"Services disponibles\"}]},{\"@type\":\"WebSite\",\"@id\":\"https:\/\/www.la-chaumiere-normande.fr\/fr\/#website\",\"url\":\"https:\/\/www.la-chaumiere-normande.fr\/fr\/\",\"name\":\"La Chaumiere Normande\",\"description\":\"\",\"publisher\":{\"@id\":\"https:\/\/www.la-chaumiere-normande.fr\/fr\/#organization\"},\"potentialAction\":[{\"@type\":\"SearchAction\",\"target\":{\"@type\":\"EntryPoint\",\"urlTemplate\":\"https:\/\/www.la-chaumiere-normande.fr\/fr\/?s={search_term_string}\"},\"query-input\":\"required name=search_term_string\"}],\"inLanguage\":\"fr-FR\"},{\"@type\":\"Organization\",\"@id\":\"https:\/\/www.la-chaumiere-normande.fr\/fr\/#organization\",\"name\":\"La Chaumiere Normande\",\"url\":\"https:\/\/www.la-chaumiere-normande.fr\/fr\/\",\"logo\":{\"@type\":\"ImageObject\",\"inLanguage\":\"fr-FR\",\"@id\":\"https:\/\/www.la-chaumiere-normande.fr\/fr\/#\/schema\/logo\/image\/\",\"url\":\"https:\/\/www.la-chaumiere-normande.fr\/wp-content\/uploads\/2023\/12\/cropped-logo_website.png\",\"contentUrl\":\"https:\/\/www.la-chaumiere-normande.fr\/wp-content\/uploads\/2023\/12\/cropped-logo_website.png\",\"width\":202,\"height\":150,\"caption\":\"La Chaumiere Normande\"},\"image\":{\"@id\":\"https:\/\/www.la-chaumiere-normande.fr\/fr\/#\/schema\/logo\/image\/\"}}]}<\/script>\n<!-- \/ Yoast SEO plugin. -->","yoast_head_json":{"title":"Services disponibles - La Chaumiere Normande","robots":{"index":"index","follow":"follow","max-snippet":"max-snippet:-1","max-image-preview":"max-image-preview:large","max-video-preview":"max-video-preview:-1"},"canonical":"https:\/\/www.la-chaumiere-normande.fr\/fr\/activites\/","og_locale":"fr_FR","og_type":"article","og_title":"Services disponibles - La Chaumiere Normande","og_url":"https:\/\/www.la-chaumiere-normande.fr\/fr\/activites\/","og_site_name":"La Chaumiere Normande","article_modified_time":"2024-03-05T17:50:32+00:00","og_image":[{"width":2560,"height":841,"url":"https:\/\/www.la-chaumiere-normande.fr\/wp-content\/uploads\/2023\/10\/normandie_1_landscape-scaled.jpg","type":"image\/jpeg"}],"twitter_card":"summary_large_image","schema":{"@context":"https:\/\/schema.org","@graph":[{"@type":"WebPage","@id":"https:\/\/www.la-chaumiere-normande.fr\/activites","url":"https:\/\/www.la-chaumiere-normande.fr\/activites","name":"Services disponibles - La Chaumiere Normande","isPartOf":{"@id":"https:\/\/www.la-chaumiere-normande.fr\/fr\/#website"},"primaryImageOfPage":{"@id":"https:\/\/www.la-chaumiere-normande.fr\/activites#primaryimage"},"image":{"@id":"https:\/\/www.la-chaumiere-normande.fr\/activites#primaryimage"},"thumbnailUrl":"https:\/\/www.la-chaumiere-normande.fr\/wp-content\/uploads\/2023\/10\/normandie_1_landscape-scaled.jpg","datePublished":"2023-10-03T16:47:06+00:00","dateModified":"2024-03-05T17:50:32+00:00","breadcrumb":{"@id":"https:\/\/www.la-chaumiere-normande.fr\/activites#breadcrumb"},"inLanguage":"fr-FR","potentialAction":[{"@type":"ReadAction","target":["https:\/\/www.la-chaumiere-normande.fr\/activites"]}]},{"@type":"ImageObject","inLanguage":"fr-FR","@id":"https:\/\/www.la-chaumiere-normande.fr\/activites#primaryimage","url":"https:\/\/www.la-chaumiere-normande.fr\/wp-content\/uploads\/2023\/10\/normandie_1_landscape-scaled.jpg","contentUrl":"https:\/\/www.la-chaumiere-normande.fr\/wp-content\/uploads\/2023\/10\/normandie_1_landscape-scaled.jpg","width":2560,"height":841},{"@type":"BreadcrumbList","@id":"https:\/\/www.la-chaumiere-normande.fr\/activites#breadcrumb","itemListElement":[{"@type":"ListItem","position":1,"name":"Home","item":"https:\/\/www.la-chaumiere-normande.fr\/"},{"@type":"ListItem","position":2,"name":"Services disponibles"}]},{"@type":"WebSite","@id":"https:\/\/www.la-chaumiere-normande.fr\/fr\/#website","url":"https:\/\/www.la-chaumiere-normande.fr\/fr\/","name":"La Chaumiere Normande","description":"","publisher":{"@id":"https:\/\/www.la-chaumiere-normande.fr\/fr\/#organization"},"potentialAction":[{"@type":"SearchAction","target":{"@type":"EntryPoint","urlTemplate":"https:\/\/www.la-chaumiere-normande.fr\/fr\/?s={search_term_string}"},"query-input":"required name=search_term_string"}],"inLanguage":"fr-FR"},{"@type":"Organization","@id":"https:\/\/www.la-chaumiere-normande.fr\/fr\/#organization","name":"La Chaumiere Normande","url":"https:\/\/www.la-chaumiere-normande.fr\/fr\/","logo":{"@type":"ImageObject","inLanguage":"fr-FR","@id":"https:\/\/www.la-chaumiere-normande.fr\/fr\/#\/schema\/logo\/image\/","url":"https:\/\/www.la-chaumiere-normande.fr\/wp-content\/uploads\/2023\/12\/cropped-logo_website.png","contentUrl":"https:\/\/www.la-chaumiere-normande.fr\/wp-content\/uploads\/2023\/12\/cropped-logo_website.png","width":202,"height":150,"caption":"La Chaumiere Normande"},"image":{"@id":"https:\/\/www.la-chaumiere-normande.fr\/fr\/#\/schema\/logo\/image\/"}}]}},"_links":{"self":[{"href":"https:\/\/www.la-chaumiere-normande.fr\/fr\/wp-json\/wp\/v2\/pages\/152","targetHints":{"allow":["GET"]}}],"collection":[{"href":"https:\/\/www.la-chaumiere-normande.fr\/fr\/wp-json\/wp\/v2\/pages"}],"about":[{"href":"https:\/\/www.la-chaumiere-normande.fr\/fr\/wp-json\/wp\/v2\/types\/page"}],"author":[{"embeddable":true,"href":"https:\/\/www.la-chaumiere-normande.fr\/fr\/wp-json\/wp\/v2\/users\/1"}],"replies":[{"embeddable":true,"href":"https:\/\/www.la-chaumiere-normande.fr\/fr\/wp-json\/wp\/v2\/comments?post=152"}],"version-history":[{"count":38,"href":"https:\/\/www.la-chaumiere-normande.fr\/fr\/wp-json\/wp\/v2\/pages\/152\/revisions"}],"predecessor-version":[{"id":720,"href":"https:\/\/www.la-chaumiere-normande.fr\/fr\/wp-json\/wp\/v2\/pages\/152\/revisions\/720"}],"wp:featuredmedia":[{"embeddable":true,"href":"https:\/\/www.la-chaumiere-normande.fr\/fr\/wp-json\/wp\/v2\/media\/246"}],"wp:attachment":[{"href":"https:\/\/www.la-chaumiere-normande.fr\/fr\/wp-json\/wp\/v2\/media?parent=152"}],"curies":[{"name":"wp","href":"https:\/\/api.w.org\/{rel}","templated":true}]}}